{"id":738,"date":"2024-03-11T20:41:01","date_gmt":"2024-03-11T20:41:01","guid":{"rendered":"https:\/\/dinesta.ch\/?page_id=738"},"modified":"2025-08-20T10:53:55","modified_gmt":"2025-08-20T10:53:55","slug":"impressum","status":"publish","type":"page","link":"https:\/\/dinesta.ch\/index.php\/impressum\/","title":{"rendered":"Impressum"},"content":{"rendered":"\t\t<div data-elementor-type=\"wp-page\" data-elementor-id=\"738\" class=\"elementor elementor-738\" data-elementor-post-type=\"page\">\n\t\t\t\t<div class=\"elementor-element elementor-element-3b2090c e-flex e-con-boxed e-con e-parent\" data-id=\"3b2090c\" data-element_type=\"container\" data-e-type=\"container\">\n\t\t\t\t\t<div class=\"e-con-inner\">\n\t\t\t\t<div class=\"elementor-element elementor-element-5ea6099 elementor-widget elementor-widget-text-editor\" data-id=\"5ea6099\" data-element_type=\"widget\" data-e-type=\"widget\" data-widget_type=\"text-editor.default\">\n\t\t\t\t<div class=\"elementor-widget-container\">\n\t\t\t\t\t\t\t\t\t<p><strong>Impressum:<\/strong><\/p><p><strong><em>Kontakt-Adresse<\/em><\/strong><\/p><p>Dinesta Immo GmbH\u00a0<\/p><p>Gh\u00fcrststrasse 22, 9242 Oberuzwil<\/p><p>Telefon: +41 71 511 23 90<br \/>E-Mail: info@dinesta.ch<br \/>WebSite: https:\/\/dinesta.ch<\/p><p><strong><em>Haftungsausschluss<\/em><\/strong><\/p><p>Der Autor \u00fcbernimmt keinerlei Gew\u00e4hr hinsichtlich der inhaltlichen<br \/>Richtigkeit, Genauigkeit, Aktualit\u00e4t, Zuverl\u00e4ssigkeit und Vollst\u00e4ndigkeit der<br \/>Informationen.<\/p><p>Haftungsanspr\u00fcche gegen den Autor wegen Sch\u00e4den materieller oder<br \/>immaterieller Art, welche aus dem Zugriff oder der Nutzung bzw. Nichtnutzung<br \/>der ver\u00f6ffentlichten Informationen, durch Missbrauch der Verbindung oder durch<br \/>technische St\u00f6rungen entstanden sind, werden ausgeschlossen.<\/p><p>Alle Angebote sind unverbindlich. Der Autor beh\u00e4lt es sich ausdr\u00fccklich vor,<br \/>Teile der Seiten oder das gesamte Angebot ohne besondere Ank\u00fcndigung zu<br \/>ver\u00e4ndern, zu erg\u00e4nzen, zu l\u00f6schen oder die Ver\u00f6ffentlichung zeitweise oder<br \/>endg\u00fcltig einzustellen.<\/p><p><strong><em>Haftungsausschluss f\u00fcr Links<\/em><\/strong><\/p><p>Verweise und Links auf Webseiten Dritter liegen ausserhalb unseres<br \/>Verantwortungsbereichs. Es wird jegliche Verantwortung f\u00fcr solche Webseiten<br \/>abgelehnt. Der Zugriff und die Nutzung solcher Webseiten erfolgen auf eigene<br \/>Gefahr des jeweiligen Nutzers.<\/p><p><strong><em>Urheberrechte<\/em><\/strong><\/p><p>Die Urheber- und alle anderen Rechte an Inhalten, Bildern, Fotos oder<br \/>anderen Dateien auf dieser Website, geh\u00f6ren ausschliesslich <strong>Dinesta Immo KlG<\/strong> oder den speziell genannten Rechteinhabern. F\u00fcr die Reproduktion<br \/>jeglicher Elemente ist die schriftliche Zustimmung des Urheberrechtstr\u00e4gers im<br \/>Voraus einzuholen.<\/p><p>Quelle:<br \/><a href=\"https:\/\/www.swissanwalt.ch\">SwissAnwalt<\/a><\/p>\t\t\t\t\t\t\t\t<\/div>\n\t\t\t\t<\/div>\n\t\t\t\t\t<\/div>\n\t\t\t\t<\/div>\n\t\t\t\t<\/div>\n\t\t","protected":false},"excerpt":{"rendered":"<p>Impressum: Kontakt-Adresse Dinesta Immo GmbH\u00a0 Gh\u00fcrststrasse 22, 9242 Oberuzwil Telefon: +41 71 511 23 90E-Mail: info@dinesta.chWebSite: https:\/\/dinesta.ch Haftungsausschluss Der Autor \u00fcbernimmt keinerlei Gew\u00e4hr hinsichtlich der inhaltlichenRichtigkeit, Genauigkeit, Aktualit\u00e4t, Zuverl\u00e4ssigkeit und Vollst\u00e4ndigkeit derInformationen. Haftungsanspr\u00fcche gegen den Autor wegen Sch\u00e4den materieller oderimmaterieller Art, welche aus dem Zugriff oder der Nutzung bzw. Nichtnutzungder ver\u00f6ffentlichten Informationen, durch Missbrauch der [&hellip;]<\/p>\n","protected":false},"author":1,"featured_media":0,"parent":0,"menu_order":0,"comment_status":"closed","ping_status":"closed","template":"","meta":{"footnotes":""},"class_list":["post-738","page","type-page","status-publish","hentry","entry"],"yoast_head":"<!-- This site is optimized with the Yoast SEO plugin v27.4 - https:\/\/yoast.com\/product\/yoast-seo-wordpress\/ -->\n<title>Impressum - Dinesta Immo<\/title>\n<meta name=\"robots\" content=\"noindex, nofollow\" \/>\n<meta property=\"og:locale\" content=\"de_DE\" \/>\n<meta property=\"og:type\" content=\"article\" \/>\n<meta property=\"og:title\" content=\"Impressum - Dinesta Immo\" \/>\n<meta property=\"og:description\" content=\"Impressum: Kontakt-Adresse Dinesta Immo GmbH\u00a0 Gh\u00fcrststrasse 22, 9242 Oberuzwil Telefon: +41 71 511 23 90E-Mail: info@dinesta.chWebSite: https:\/\/dinesta.ch Haftungsausschluss Der Autor \u00fcbernimmt keinerlei Gew\u00e4hr hinsichtlich der inhaltlichenRichtigkeit, Genauigkeit, Aktualit\u00e4t, Zuverl\u00e4ssigkeit und Vollst\u00e4ndigkeit derInformationen. Haftungsanspr\u00fcche gegen den Autor wegen Sch\u00e4den materieller oderimmaterieller Art, welche aus dem Zugriff oder der Nutzung bzw. Nichtnutzungder ver\u00f6ffentlichten Informationen, durch Missbrauch der [&hellip;]\" \/>\n<meta property=\"og:url\" content=\"https:\/\/dinesta.ch\/index.php\/impressum\/\" \/>\n<meta property=\"og:site_name\" content=\"Dinesta Immo\" \/>\n<meta property=\"article:modified_time\" content=\"2025-08-20T10:53:55+00:00\" \/>\n<meta name=\"twitter:card\" content=\"summary_large_image\" \/>\n<meta name=\"twitter:label1\" content=\"Gesch\u00e4tzte Lesezeit\" \/>\n\t<meta name=\"twitter:data1\" content=\"2\u00a0Minuten\" \/>\n<script type=\"application\/ld+json\" class=\"yoast-schema-graph\">{\"@context\":\"https:\\\/\\\/schema.org\",\"@graph\":[{\"@type\":\"WebPage\",\"@id\":\"https:\\\/\\\/dinesta.ch\\\/index.php\\\/impressum\\\/\",\"url\":\"https:\\\/\\\/dinesta.ch\\\/index.php\\\/impressum\\\/\",\"name\":\"Impressum - Dinesta Immo\",\"isPartOf\":{\"@id\":\"https:\\\/\\\/dinesta.ch\\\/#website\"},\"datePublished\":\"2024-03-11T20:41:01+00:00\",\"dateModified\":\"2025-08-20T10:53:55+00:00\",\"breadcrumb\":{\"@id\":\"https:\\\/\\\/dinesta.ch\\\/index.php\\\/impressum\\\/#breadcrumb\"},\"inLanguage\":\"de\",\"potentialAction\":[{\"@type\":\"ReadAction\",\"target\":[\"https:\\\/\\\/dinesta.ch\\\/index.php\\\/impressum\\\/\"]}]},{\"@type\":\"BreadcrumbList\",\"@id\":\"https:\\\/\\\/dinesta.ch\\\/index.php\\\/impressum\\\/#breadcrumb\",\"itemListElement\":[{\"@type\":\"ListItem\",\"position\":1,\"name\":\"Startseite\",\"item\":\"https:\\\/\\\/dinesta.ch\\\/\"},{\"@type\":\"ListItem\",\"position\":2,\"name\":\"Impressum\"}]},{\"@type\":\"WebSite\",\"@id\":\"https:\\\/\\\/dinesta.ch\\\/#website\",\"url\":\"https:\\\/\\\/dinesta.ch\\\/\",\"name\":\"Dinesta Immo\",\"description\":\"Ihre Experten f\u00fcr Immobilienverwaltung und -vermietung\",\"potentialAction\":[{\"@type\":\"SearchAction\",\"target\":{\"@type\":\"EntryPoint\",\"urlTemplate\":\"https:\\\/\\\/dinesta.ch\\\/?s={search_term_string}\"},\"query-input\":{\"@type\":\"PropertyValueSpecification\",\"valueRequired\":true,\"valueName\":\"search_term_string\"}}],\"inLanguage\":\"de\"}]}<\/script>\n<!-- \/ Yoast SEO plugin. -->","yoast_head_json":{"title":"Impressum - Dinesta Immo","robots":{"index":"noindex","follow":"nofollow"},"og_locale":"de_DE","og_type":"article","og_title":"Impressum - Dinesta Immo","og_description":"Impressum: Kontakt-Adresse Dinesta Immo GmbH\u00a0 Gh\u00fcrststrasse 22, 9242 Oberuzwil Telefon: +41 71 511 23 90E-Mail: info@dinesta.chWebSite: https:\/\/dinesta.ch Haftungsausschluss Der Autor \u00fcbernimmt keinerlei Gew\u00e4hr hinsichtlich der inhaltlichenRichtigkeit, Genauigkeit, Aktualit\u00e4t, Zuverl\u00e4ssigkeit und Vollst\u00e4ndigkeit derInformationen. Haftungsanspr\u00fcche gegen den Autor wegen Sch\u00e4den materieller oderimmaterieller Art, welche aus dem Zugriff oder der Nutzung bzw. Nichtnutzungder ver\u00f6ffentlichten Informationen, durch Missbrauch der [&hellip;]","og_url":"https:\/\/dinesta.ch\/index.php\/impressum\/","og_site_name":"Dinesta Immo","article_modified_time":"2025-08-20T10:53:55+00:00","twitter_card":"summary_large_image","twitter_misc":{"Gesch\u00e4tzte Lesezeit":"2\u00a0Minuten"},"schema":{"@context":"https:\/\/schema.org","@graph":[{"@type":"WebPage","@id":"https:\/\/dinesta.ch\/index.php\/impressum\/","url":"https:\/\/dinesta.ch\/index.php\/impressum\/","name":"Impressum - Dinesta Immo","isPartOf":{"@id":"https:\/\/dinesta.ch\/#website"},"datePublished":"2024-03-11T20:41:01+00:00","dateModified":"2025-08-20T10:53:55+00:00","breadcrumb":{"@id":"https:\/\/dinesta.ch\/index.php\/impressum\/#breadcrumb"},"inLanguage":"de","potentialAction":[{"@type":"ReadAction","target":["https:\/\/dinesta.ch\/index.php\/impressum\/"]}]},{"@type":"BreadcrumbList","@id":"https:\/\/dinesta.ch\/index.php\/impressum\/#breadcrumb","itemListElement":[{"@type":"ListItem","position":1,"name":"Startseite","item":"https:\/\/dinesta.ch\/"},{"@type":"ListItem","position":2,"name":"Impressum"}]},{"@type":"WebSite","@id":"https:\/\/dinesta.ch\/#website","url":"https:\/\/dinesta.ch\/","name":"Dinesta Immo","description":"Ihre Experten f\u00fcr Immobilienverwaltung und -vermietung","potentialAction":[{"@type":"SearchAction","target":{"@type":"EntryPoint","urlTemplate":"https:\/\/dinesta.ch\/?s={search_term_string}"},"query-input":{"@type":"PropertyValueSpecification","valueRequired":true,"valueName":"search_term_string"}}],"inLanguage":"de"}]}},"_links":{"self":[{"href":"https:\/\/dinesta.ch\/index.php\/wp-json\/wp\/v2\/pages\/738","targetHints":{"allow":["GET"]}}],"collection":[{"href":"https:\/\/dinesta.ch\/index.php\/wp-json\/wp\/v2\/pages"}],"about":[{"href":"https:\/\/dinesta.ch\/index.php\/wp-json\/wp\/v2\/types\/page"}],"author":[{"embeddable":true,"href":"https:\/\/dinesta.ch\/index.php\/wp-json\/wp\/v2\/users\/1"}],"replies":[{"embeddable":true,"href":"https:\/\/dinesta.ch\/index.php\/wp-json\/wp\/v2\/comments?post=738"}],"version-history":[{"count":13,"href":"https:\/\/dinesta.ch\/index.php\/wp-json\/wp\/v2\/pages\/738\/revisions"}],"predecessor-version":[{"id":835,"href":"https:\/\/dinesta.ch\/index.php\/wp-json\/wp\/v2\/pages\/738\/revisions\/835"}],"wp:attachment":[{"href":"https:\/\/dinesta.ch\/index.php\/wp-json\/wp\/v2\/media?parent=738"}],"curies":[{"name":"wp","href":"https:\/\/api.w.org\/{rel}","templated":true}]}}